{"id":11,"date":"2015-11-14T11:00:47","date_gmt":"2015-11-14T11:00:47","guid":{"rendered":"https:\/\/mariano-desole.ch\/?page_id=11"},"modified":"2021-04-23T08:11:04","modified_gmt":"2021-04-23T08:11:04","slug":"collections","status":"publish","type":"page","link":"https:\/\/mariano-desole.ch\/index.php\/collections\/","title":{"rendered":"Gallary"},"content":{"rendered":"<p><div class=\"fusion-fullwidth fullwidth-box fusion-builder-row-1 fusion-flex-container nonhundred-percent-fullwidth non-hundred-percent-height-scrolling\" style=\"--awb-background-position:left top;--awb-border-sizes-top:0px;--awb-border-sizes-bottom:0px;--awb-border-sizes-left:0px;--awb-border-sizes-right:0px;--awb-border-radius-top-left:0px;--awb-border-radius-top-right:0px;--awb-border-radius-bottom-right:0px;--awb-border-radius-bottom-left:0px;--awb-margin-top-medium:80px;--awb-flex-wrap:wrap;\" ><div class=\"fusion-builder-row fusion-row fusion-flex-align-items-flex-start fusion-flex-content-wrap\" style=\"max-width:1216.8px;margin-left: calc(-4% \/ 2 );margin-right: calc(-4% \/ 2 );\"><div class=\"fusion-layout-column fusion_builder_column fusion-builder-column-0 fusion_builder_column_1_1 1_1 fusion-flex-column\" style=\"--awb-padding-top:100px;--awb-padding-bottom:100px;--awb-padding-bottom-medium:80px;--awb-padding-top-small:30px;--awb-bg-position:center top;--awb-bg-size:cover;--awb-width-large:100%;--awb-margin-top-large:0px;--awb-spacing-right-large:1.92%;--awb-margin-bottom-large:0px;--awb-spacing-left-large:1.92%;--awb-width-medium:100%;--awb-spacing-right-medium:1.92%;--awb-spacing-left-medium:1.92%;--awb-width-small:100%;--awb-spacing-right-small:1.92%;--awb-spacing-left-small:1.92%;\"><div class=\"fusion-column-wrapper fusion-flex-justify-content-flex-start fusion-content-layout-column\"><div class=\"fusion-title title fusion-title-1 fusion-sep-none fusion-title-center fusion-title-highlight fusion-animate-once fusion-highlight-circle fusion-title-size-four\" style=\"--awb-text-color:#c6c6c6;\" data-highlight=\"circle\"><h4 class=\"fusion-title-heading title-heading-center fusion-responsive-typography-calculated\" style=\"margin:0;--fontSize:16;--minFontSize:16;line-height:2.22;\"><span class=\"fusion-highlighted-text-prefix\"><\/span>  <span class=\"fusion-highlighted-text-postfix\"><\/span><\/h4><\/div><div class=\"fusion-title title fusion-title-2 fusion-sep-none fusion-title-center fusion-title-text fusion-title-size-one\" style=\"--awb-font-size:55px;\"><h1 class=\"fusion-title-heading title-heading-center fusion-responsive-typography-calculated\" style=\"margin:0;font-size:1em;--fontSize:55;line-height:1.18;\">GALLARY<\/h1><\/div><\/div><\/div><\/div><\/div><div class=\"fusion-bg-parallax\" data-bg-align=\"center bottom\" data-direction=\"up\" data-mute=\"false\" data-opacity=\"100\" data-velocity=\"-0.3\" data-mobile-enabled=\"false\" data-break_parents=\"0\" data-bg-image=\"https:\/\/mariano-desole.ch\/wp-content\/uploads\/2015\/11\/testimonial_background-compressor-2.jpg\" data-bg-repeat=\"false\" ><\/div><div class=\"fusion-fullwidth fullwidth-box fusion-builder-row-2 fusion-flex-container fusion-parallax-up nonhundred-percent-fullwidth non-hundred-percent-height-scrolling\" style=\"--awb-background-position:center bottom;--awb-border-sizes-top:0px;--awb-border-sizes-bottom:0px;--awb-border-sizes-left:0px;--awb-border-sizes-right:0px;--awb-border-radius-top-left:0px;--awb-border-radius-top-right:0px;--awb-border-radius-bottom-right:0px;--awb-border-radius-bottom-left:0px;--awb-padding-top:120px;--awb-padding-bottom:80px;--awb-padding-top-small:80px;--awb-padding-bottom-small:20px;--awb-background-image:url(&quot;https:\/\/mariano-desole.ch\/wp-content\/uploads\/2015\/11\/testimonial_background-compressor-2.jpg&quot;);--awb-background-size:cover;--awb-flex-wrap:wrap;\" ><div class=\"fusion-builder-row fusion-row fusion-flex-align-items-flex-start fusion-flex-content-wrap\" style=\"max-width:calc( 1170px + 0px );margin-left: calc(-0px \/ 2 );margin-right: calc(-0px \/ 2 );\"><div class=\"fusion-layout-column fusion_builder_column fusion-builder-column-1 fusion_builder_column_1_1 1_1 fusion-flex-column\" style=\"--awb-padding-top:0%;--awb-padding-right:15%;--awb-padding-bottom:0%;--awb-padding-left:15%;--awb-bg-size:cover;--awb-width-large:100%;--awb-margin-top-large:0px;--awb-spacing-right-large:0px;--awb-margin-bottom-large:50px;--awb-spacing-left-large:0px;--awb-width-medium:100%;--awb-spacing-right-medium:0px;--awb-spacing-left-medium:0px;--awb-width-small:100%;--awb-spacing-right-small:0px;--awb-spacing-left-small:0px;\"><div class=\"fusion-column-wrapper fusion-flex-justify-content-flex-start fusion-content-layout-column\"><div class=\"fusion-testimonials clean awb-speech-bubble-show fusion-testimonials-1\" style=\"--awb-textcolor:#dfdfdf;--awb-backgroundcolor:rgba(255,255,255,0);--awb-testimonial-border-style:solid;--awb-testimonial-border-color:var(--awb-color3);--awb-border-top-left-radius:0px;--awb-border-top-right-radius:0px;--awb-border-bottom-left-radius:0px;--awb-border-bottom-right-radius:0px;--testimonial-border-width-top:0px;--testimonial-border-width-right:0px;--testimonial-border-width-bottom:0px;--testimonial-border-width-left:0px;\" data-random=\"0\" data-speed=\"4000\"><div class=\"reviews\"><div class=\"review active-testimonial avatar-above no-avatar\"><blockquote class=\"testimonials-shortcode-blockquote\"><div class=\"awb-quote\"><div class=\"awb-quote-content\">&#171;When words become unclear, I shall focus with photographs. When images become inadequate, I shall be content with silence.&#187; <\/div><\/div><\/blockquote><div class=\"author\"><span class=\"company-name\"><strong>ANSEL ADAMS<\/strong><\/span><\/div><\/div><div class=\"review avatar-above no-avatar\"><blockquote class=\"testimonials-shortcode-blockquote\"><div class=\"awb-quote\"><div class=\"awb-quote-content\">&#171;There is only you and your camera. The limitations in your photography are in yourself, for what we see is what we are.&#187; <\/div><\/div><\/blockquote><div class=\"author\"><span class=\"company-name\"><strong>ERNST HASS<\/strong><\/span><\/div><\/div><div class=\"review avatar-above no-avatar\"><blockquote class=\"testimonials-shortcode-blockquote\"><div class=\"awb-quote\"><div class=\"awb-quote-content\">&#171;Black and white are the colors of photography. They symbolize the alternatives of hope and despair to which mankind is subjected.&#187; <\/div><\/div><\/blockquote><div class=\"author\"><span class=\"company-name\"><strong>ROBERT FRANK<\/strong><\/span><\/div><\/div><div class=\"review avatar-above no-avatar\"><blockquote class=\"testimonials-shortcode-blockquote\"><div class=\"awb-quote\"><div class=\"awb-quote-content\">\n<p>&#171;Das Wesen des Menschen bei der Aufnahme sichtbar zu machen, ist die h\u00f6chste Kunst der Fotografie.&#187;<\/p>\n<\/div><\/div><\/blockquote><div class=\"author\"><span class=\"company-name\"><strong>Friedrich D\u00fcrrenmatt<\/strong><\/span><\/div><\/div><div class=\"review avatar-above no-avatar\"><blockquote class=\"testimonials-shortcode-blockquote\"><div class=\"awb-quote\"><div class=\"awb-quote-content\">\n<p>&#171;Die Tatsache, dass eine im konventionellen Sinn technisch fehlerhafte Aufnahme gef\u00fchlsm\u00e4\u00dfig wirksamer sein kann als ein technisch fehlerloses Bild, wird auf jene schockierend wirken, die naiv genug sind zu glauben, dass technische Perfektion den wahren Wert eines Fotos ausmacht.&#187;<\/p>\n<\/div><\/div><\/blockquote><div class=\"author\"><span class=\"company-name\"><strong>Andreas Feininger<\/strong><\/span><\/div><\/div><div class=\"review avatar-above no-avatar\"><blockquote class=\"testimonials-shortcode-blockquote\"><div class=\"awb-quote\"><div class=\"awb-quote-content\">\n<p>&#171;Jeder kann knipsen. Auch ein Automat. Aber nicht jeder kann beobachten. Photographieren ist nur insofern Kunst, als sich seiner die Kunst des Beobachtens bedient. Beobachten ist ein elementar dichterischer Vorgang. Auch die Wirklichkeit muss geformt werden, will man sie zum Sprechen bringen.&#187;<\/p>\n<\/div><\/div><\/blockquote><div class=\"author\"><span class=\"company-name\"><strong>Friedrich D\u00fcrrenmatt<\/strong><\/span><\/div><\/div><\/div><\/div><\/div><\/div><\/div><\/div><div class=\"fusion-fullwidth fullwidth-box fusion-builder-row-3 fusion-flex-container nonhundred-percent-fullwidth non-hundred-percent-height-scrolling\" style=\"--awb-background-position:left top;--awb-border-sizes-top:0px;--awb-border-sizes-bottom:0px;--awb-border-sizes-left:0px;--awb-border-sizes-right:0px;--awb-border-radius-top-left:0px;--awb-border-radius-top-right:0px;--awb-border-radius-bottom-right:0px;--awb-border-radius-bottom-left:0px;--awb-padding-bottom:100px;--awb-padding-bottom-medium:60px;--awb-padding-bottom-small:76px;--awb-flex-wrap:wrap;\" ><div class=\"fusion-builder-row fusion-row fusion-flex-align-items-flex-start fusion-flex-content-wrap\" style=\"max-width:1216.8px;margin-left: calc(-4% \/ 2 );margin-right: calc(-4% \/ 2 );\"><div class=\"fusion-layout-column fusion_builder_column fusion-builder-column-2 fusion_builder_column_1_1 1_1 fusion-flex-column\" style=\"--awb-bg-size:cover;--awb-width-large:100%;--awb-margin-top-large:0px;--awb-spacing-right-large:1.92%;--awb-margin-bottom-large:50px;--awb-spacing-left-large:1.92%;--awb-width-medium:100%;--awb-spacing-right-medium:1.92%;--awb-spacing-left-medium:1.92%;--awb-width-small:100%;--awb-spacing-right-small:1.92%;--awb-spacing-left-small:1.92%;\"><div class=\"fusion-column-wrapper fusion-flex-justify-content-flex-start fusion-content-layout-column\"><style type=\"text\/css\">.fusion-portfolio-wrapper#fusion-portfolio-1 .fusion-portfolio-content{ padding: 25px 25px 25px 25px; text-align: center; }<\/style><div class=\"fusion-recent-works fusion-portfolio-element fusion-portfolio fusion-portfolio-1 fusion-portfolio-grid fusion-portfolio-paging-none fusion-portfolio-two fusion-portfolio-boxed fusion-portfolio-text fusion-portfolio-equal-heights fusion-portfolio-rollover\" data-id=\"-rw-1\" data-columns=\"two\"><style type=\"text\/css\">.fusion-portfolio-1 .fusion-portfolio-wrapper .fusion-col-spacing{padding:15px;}<\/style><div class=\"fusion-portfolio-wrapper\" id=\"fusion-portfolio-1\" data-picturesize=\"auto\" data-pages=\"1\" style=\"margin:-15px;\"><article id=\"portfolio-1-post-148\" class=\"fusion-portfolio-post landscape fusion-col-spacing post-148\"><div class=\"fusion-portfolio-content-wrapper\" style=\"border:1px solid #212326;border-bottom-width:3px;background-color:rgba(33,35,38,1);\"><span class=\"vcard rich-snippet-hidden\"><span class=\"fn\"><a href=\"https:\/\/mariano-desole.ch\/index.php\/author\/madesole\/\" title=\"Beitr\u00e4ge von madesole\" rel=\"author\">madesole<\/a><\/span><\/span><span class=\"updated rich-snippet-hidden\">2021-04-23T08:12:59+00:00<\/span><div  class=\"fusion-image-wrapper\" aria-haspopup=\"true\">\n\t\t\t\t<img decoding=\"async\" width=\"2560\" height=\"1696\" src=\"https:\/\/mariano-desole.ch\/wp-content\/uploads\/2021\/04\/2014-03-08_21-01-04_MDE8606-1-scaled.jpg\" class=\"attachment-full size-full wp-post-image\" alt=\"\" srcset=\"https:\/\/mariano-desole.ch\/wp-content\/uploads\/2021\/04\/2014-03-08_21-01-04_MDE8606-1-200x132.jpg 200w, https:\/\/mariano-desole.ch\/wp-content\/uploads\/2021\/04\/2014-03-08_21-01-04_MDE8606-1-400x265.jpg 400w, https:\/\/mariano-desole.ch\/wp-content\/uploads\/2021\/04\/2014-03-08_21-01-04_MDE8606-1-600x397.jpg 600w, https:\/\/mariano-desole.ch\/wp-content\/uploads\/2021\/04\/2014-03-08_21-01-04_MDE8606-1-800x530.jpg 800w, https:\/\/mariano-desole.ch\/wp-content\/uploads\/2021\/04\/2014-03-08_21-01-04_MDE8606-1-1200x795.jpg 1200w, https:\/\/mariano-desole.ch\/wp-content\/uploads\/2021\/04\/2014-03-08_21-01-04_MDE8606-1-scaled.jpg 2560w\" sizes=\"(min-width: 2200px) 100vw, (min-width: 822px) 570px, (min-width: 640px) 822px, \" \/><div class=\"fusion-rollover\">\n\t<div class=\"fusion-rollover-content\">\n\n\t\t\t\t\n\t\t\n\t\t\t\t\t\t\t\t\t\t\t\t<h4 class=\"fusion-rollover-title\">\n\t\t\t\t\t<a class=\"fusion-rollover-title-link\" href=\"https:\/\/mariano-desole.ch\/index.php\/portfolio-items\/cityscape\/\">\n\t\t\t\t\t\tCITYSCAPE\t\t\t\t\t<\/a>\n\t\t\t\t<\/h4>\n\t\t\t\n\t\t\t\t\t\t\t\t\n\t\t\n\t\t\t\t\t\t<a class=\"fusion-link-wrapper\" href=\"https:\/\/mariano-desole.ch\/index.php\/portfolio-items\/cityscape\/\" aria-label=\"CITYSCAPE\"><\/a>\n\t<\/div>\n<\/div>\n<\/div>\n<div class=\"fusion-portfolio-content\" style=\"background-color:rgba(33,35,38,1);\"><h2 class=\"entry-title fusion-post-title\"><a href=\"https:\/\/mariano-desole.ch\/index.php\/portfolio-items\/cityscape\/\">CITYSCAPE<\/a><\/h2><div class=\"fusion-post-content\"><\/div><\/div><\/div><\/article><article id=\"portfolio-1-post-146\" class=\"fusion-portfolio-post casual fusion-col-spacing post-146\"><div class=\"fusion-portfolio-content-wrapper\" style=\"border:1px solid #212326;border-bottom-width:3px;background-color:rgba(33,35,38,1);\"><span class=\"vcard rich-snippet-hidden\"><span class=\"fn\"><a href=\"https:\/\/mariano-desole.ch\/index.php\/author\/madesole\/\" title=\"Beitr\u00e4ge von madesole\" rel=\"author\">madesole<\/a><\/span><\/span><span class=\"updated rich-snippet-hidden\">2021-04-22T12:52:01+00:00<\/span><div  class=\"fusion-image-wrapper\" aria-haspopup=\"true\">\n\t\t\t\t<img decoding=\"async\" width=\"2560\" height=\"1695\" src=\"https:\/\/mariano-desole.ch\/wp-content\/uploads\/2021\/04\/an-italian-afternoon.jpg\" class=\"attachment-full size-full wp-post-image\" alt=\"\" srcset=\"https:\/\/mariano-desole.ch\/wp-content\/uploads\/2021\/04\/an-italian-afternoon-200x132.jpg 200w, https:\/\/mariano-desole.ch\/wp-content\/uploads\/2021\/04\/an-italian-afternoon-400x265.jpg 400w, https:\/\/mariano-desole.ch\/wp-content\/uploads\/2021\/04\/an-italian-afternoon-600x397.jpg 600w, https:\/\/mariano-desole.ch\/wp-content\/uploads\/2021\/04\/an-italian-afternoon-800x530.jpg 800w, https:\/\/mariano-desole.ch\/wp-content\/uploads\/2021\/04\/an-italian-afternoon-1200x795.jpg 1200w, https:\/\/mariano-desole.ch\/wp-content\/uploads\/2021\/04\/an-italian-afternoon.jpg 2560w\" sizes=\"(min-width: 2200px) 100vw, (min-width: 822px) 570px, (min-width: 640px) 822px, \" \/><div class=\"fusion-rollover\">\n\t<div class=\"fusion-rollover-content\">\n\n\t\t\t\t\n\t\t\n\t\t\t\t\t\t\t\t\t\t\t\t<h4 class=\"fusion-rollover-title\">\n\t\t\t\t\t<a class=\"fusion-rollover-title-link\" href=\"https:\/\/mariano-desole.ch\/index.php\/portfolio-items\/italian-way-of-life\/\">\n\t\t\t\t\t\tITALIAN WAY OF LIFE\t\t\t\t\t<\/a>\n\t\t\t\t<\/h4>\n\t\t\t\n\t\t\t\t\t\t\t\t\n\t\t\n\t\t\t\t\t\t<a class=\"fusion-link-wrapper\" href=\"https:\/\/mariano-desole.ch\/index.php\/portfolio-items\/italian-way-of-life\/\" aria-label=\"ITALIAN WAY OF LIFE\"><\/a>\n\t<\/div>\n<\/div>\n<\/div>\n<div class=\"fusion-portfolio-content\" style=\"background-color:rgba(33,35,38,1);\"><h2 class=\"entry-title fusion-post-title\"><a href=\"https:\/\/mariano-desole.ch\/index.php\/portfolio-items\/italian-way-of-life\/\">ITALIAN WAY OF LIFE<\/a><\/h2><div class=\"fusion-post-content\"><\/div><\/div><\/div><\/article><article id=\"portfolio-1-post-144\" class=\"fusion-portfolio-post landscape wildlife fusion-col-spacing post-144\"><div class=\"fusion-portfolio-content-wrapper\" style=\"border:1px solid #212326;border-bottom-width:3px;background-color:rgba(33,35,38,1);\"><span class=\"vcard rich-snippet-hidden\"><span class=\"fn\"><a href=\"https:\/\/mariano-desole.ch\/index.php\/author\/madesole\/\" title=\"Beitr\u00e4ge von madesole\" rel=\"author\">madesole<\/a><\/span><\/span><span class=\"updated rich-snippet-hidden\">2021-04-22T12:57:45+00:00<\/span><div  class=\"fusion-image-wrapper\" aria-haspopup=\"true\">\n\t\t\t\t<img decoding=\"async\" width=\"2560\" height=\"1920\" src=\"https:\/\/mariano-desole.ch\/wp-content\/uploads\/2021\/04\/2016-04-24_09-06-25_md_p4240616-bearbeitet-1-scaled.jpg\" class=\"attachment-full size-full wp-post-image\" alt=\"\" srcset=\"https:\/\/mariano-desole.ch\/wp-content\/uploads\/2021\/04\/2016-04-24_09-06-25_md_p4240616-bearbeitet-1-200x150.jpg 200w, https:\/\/mariano-desole.ch\/wp-content\/uploads\/2021\/04\/2016-04-24_09-06-25_md_p4240616-bearbeitet-1-400x300.jpg 400w, https:\/\/mariano-desole.ch\/wp-content\/uploads\/2021\/04\/2016-04-24_09-06-25_md_p4240616-bearbeitet-1-600x450.jpg 600w, https:\/\/mariano-desole.ch\/wp-content\/uploads\/2021\/04\/2016-04-24_09-06-25_md_p4240616-bearbeitet-1-800x600.jpg 800w, https:\/\/mariano-desole.ch\/wp-content\/uploads\/2021\/04\/2016-04-24_09-06-25_md_p4240616-bearbeitet-1-1200x900.jpg 1200w, https:\/\/mariano-desole.ch\/wp-content\/uploads\/2021\/04\/2016-04-24_09-06-25_md_p4240616-bearbeitet-1-scaled.jpg 2560w\" sizes=\"(min-width: 2200px) 100vw, (min-width: 822px) 570px, (min-width: 640px) 822px, \" \/><div class=\"fusion-rollover\">\n\t<div class=\"fusion-rollover-content\">\n\n\t\t\t\t\n\t\t\n\t\t\t\t\t\t\t\t\t\t\t\t<h4 class=\"fusion-rollover-title\">\n\t\t\t\t\t<a class=\"fusion-rollover-title-link\" href=\"https:\/\/mariano-desole.ch\/index.php\/portfolio-items\/bw\/\">\n\t\t\t\t\t\tB&#038;W\t\t\t\t\t<\/a>\n\t\t\t\t<\/h4>\n\t\t\t\n\t\t\t\t\t\t\t\t\n\t\t\n\t\t\t\t\t\t<a class=\"fusion-link-wrapper\" href=\"https:\/\/mariano-desole.ch\/index.php\/portfolio-items\/bw\/\" aria-label=\"B&#038;W\"><\/a>\n\t<\/div>\n<\/div>\n<\/div>\n<div class=\"fusion-portfolio-content\" style=\"background-color:rgba(33,35,38,1);\"><h2 class=\"entry-title fusion-post-title\"><a href=\"https:\/\/mariano-desole.ch\/index.php\/portfolio-items\/bw\/\">B&#038;W<\/a><\/h2><div class=\"fusion-post-content\"><\/div><\/div><\/div><\/article><article id=\"portfolio-1-post-142\" class=\"fusion-portfolio-post casual culture fusion-col-spacing post-142\"><div class=\"fusion-portfolio-content-wrapper\" style=\"border:1px solid #212326;border-bottom-width:3px;background-color:rgba(33,35,38,1);\"><span class=\"vcard rich-snippet-hidden\"><span class=\"fn\"><a href=\"https:\/\/mariano-desole.ch\/index.php\/author\/madesole\/\" title=\"Beitr\u00e4ge von madesole\" rel=\"author\">madesole<\/a><\/span><\/span><span class=\"updated rich-snippet-hidden\">2021-04-22T13:00:45+00:00<\/span><div  class=\"fusion-image-wrapper\" aria-haspopup=\"true\">\n\t\t\t\t<img decoding=\"async\" width=\"1000\" height=\"748\" src=\"https:\/\/mariano-desole.ch\/wp-content\/uploads\/2021\/04\/2013-05-07_12-20-48_mde9032-bearbeitet.jpg\" class=\"attachment-full size-full wp-post-image\" alt=\"\" srcset=\"https:\/\/mariano-desole.ch\/wp-content\/uploads\/2021\/04\/2013-05-07_12-20-48_mde9032-bearbeitet-200x150.jpg 200w, https:\/\/mariano-desole.ch\/wp-content\/uploads\/2021\/04\/2013-05-07_12-20-48_mde9032-bearbeitet-400x299.jpg 400w, https:\/\/mariano-desole.ch\/wp-content\/uploads\/2021\/04\/2013-05-07_12-20-48_mde9032-bearbeitet-600x449.jpg 600w, https:\/\/mariano-desole.ch\/wp-content\/uploads\/2021\/04\/2013-05-07_12-20-48_mde9032-bearbeitet-800x598.jpg 800w, https:\/\/mariano-desole.ch\/wp-content\/uploads\/2021\/04\/2013-05-07_12-20-48_mde9032-bearbeitet.jpg 1000w\" sizes=\"(min-width: 2200px) 100vw, (min-width: 822px) 570px, (min-width: 640px) 822px, \" \/><div class=\"fusion-rollover\">\n\t<div class=\"fusion-rollover-content\">\n\n\t\t\t\t\n\t\t\n\t\t\t\t\t\t\t\t\t\t\t\t<h4 class=\"fusion-rollover-title\">\n\t\t\t\t\t<a class=\"fusion-rollover-title-link\" href=\"https:\/\/mariano-desole.ch\/index.php\/portfolio-items\/wildlife\/\">\n\t\t\t\t\t\tWILDLIFE\t\t\t\t\t<\/a>\n\t\t\t\t<\/h4>\n\t\t\t\n\t\t\t\t\t\t\t\t\n\t\t\n\t\t\t\t\t\t<a class=\"fusion-link-wrapper\" href=\"https:\/\/mariano-desole.ch\/index.php\/portfolio-items\/wildlife\/\" aria-label=\"WILDLIFE\"><\/a>\n\t<\/div>\n<\/div>\n<\/div>\n<div class=\"fusion-portfolio-content\" style=\"background-color:rgba(33,35,38,1);\"><h2 class=\"entry-title fusion-post-title\"><a href=\"https:\/\/mariano-desole.ch\/index.php\/portfolio-items\/wildlife\/\">WILDLIFE<\/a><\/h2><div class=\"fusion-post-content\"><\/div><\/div><\/div><\/article><\/div><\/div><\/div><\/div><\/div><\/div><\/p>\n","protected":false},"excerpt":{"rendered":"","protected":false},"author":1,"featured_media":0,"parent":0,"menu_order":0,"comment_status":"closed","ping_status":"closed","template":"100-width.php","meta":{"footnotes":""},"class_list":["post-11","page","type-page","status-publish","hentry"],"yoast_head":"<!-- This site is optimized with the Yoast SEO plugin v26.9 - https:\/\/yoast.com\/product\/yoast-seo-wordpress\/ -->\n<title>Gallary - Mariano Desole Photography<\/title>\n<meta name=\"robots\" content=\"index, follow, max-snippet:-1, max-image-preview:large, max-video-preview:-1\" \/>\n<link rel=\"canonical\" href=\"https:\/\/mariano-desole.ch\/index.php\/collections\/\" \/>\n<meta property=\"og:locale\" content=\"de_DE\" \/>\n<meta property=\"og:type\" content=\"article\" \/>\n<meta property=\"og:title\" content=\"Gallary - Mariano Desole Photography\" \/>\n<meta property=\"og:url\" content=\"https:\/\/mariano-desole.ch\/index.php\/collections\/\" \/>\n<meta property=\"og:site_name\" content=\"Mariano Desole Photography\" \/>\n<meta property=\"article:modified_time\" content=\"2021-04-23T08:11:04+00:00\" \/>\n<meta name=\"twitter:card\" content=\"summary_large_image\" \/>\n<meta name=\"twitter:label1\" content=\"Gesch\u00e4tzte Lesezeit\" \/>\n\t<meta name=\"twitter:data1\" content=\"6\u00a0Minuten\" \/>\n<script type=\"application\/ld+json\" class=\"yoast-schema-graph\">{\"@context\":\"https:\/\/schema.org\",\"@graph\":[{\"@type\":\"WebPage\",\"@id\":\"https:\/\/mariano-desole.ch\/index.php\/collections\/\",\"url\":\"https:\/\/mariano-desole.ch\/index.php\/collections\/\",\"name\":\"Gallary - Mariano Desole Photography\",\"isPartOf\":{\"@id\":\"https:\/\/mariano-desole.ch\/#website\"},\"datePublished\":\"2015-11-14T11:00:47+00:00\",\"dateModified\":\"2021-04-23T08:11:04+00:00\",\"breadcrumb\":{\"@id\":\"https:\/\/mariano-desole.ch\/index.php\/collections\/#breadcrumb\"},\"inLanguage\":\"de-CH\",\"potentialAction\":[{\"@type\":\"ReadAction\",\"target\":[\"https:\/\/mariano-desole.ch\/index.php\/collections\/\"]}]},{\"@type\":\"BreadcrumbList\",\"@id\":\"https:\/\/mariano-desole.ch\/index.php\/collections\/#breadcrumb\",\"itemListElement\":[{\"@type\":\"ListItem\",\"position\":1,\"name\":\"Home\",\"item\":\"https:\/\/mariano-desole.ch\/\"},{\"@type\":\"ListItem\",\"position\":2,\"name\":\"Gallary\"}]},{\"@type\":\"WebSite\",\"@id\":\"https:\/\/mariano-desole.ch\/#website\",\"url\":\"https:\/\/mariano-desole.ch\/\",\"name\":\"Mariano Desole Photography\",\"description\":\"\",\"publisher\":{\"@id\":\"https:\/\/mariano-desole.ch\/#\/schema\/person\/fdc8dc2ee242eb529fea0c4f1c51695b\"},\"potentialAction\":[{\"@type\":\"SearchAction\",\"target\":{\"@type\":\"EntryPoint\",\"urlTemplate\":\"https:\/\/mariano-desole.ch\/?s={search_term_string}\"},\"query-input\":{\"@type\":\"PropertyValueSpecification\",\"valueRequired\":true,\"valueName\":\"search_term_string\"}}],\"inLanguage\":\"de-CH\"},{\"@type\":[\"Person\",\"Organization\"],\"@id\":\"https:\/\/mariano-desole.ch\/#\/schema\/person\/fdc8dc2ee242eb529fea0c4f1c51695b\",\"name\":\"madesole\",\"image\":{\"@type\":\"ImageObject\",\"inLanguage\":\"de-CH\",\"@id\":\"https:\/\/mariano-desole.ch\/#\/schema\/person\/image\/\",\"url\":\"https:\/\/mariano-desole.ch\/wp-content\/uploads\/2021\/04\/foto-mariano.jpg\",\"contentUrl\":\"https:\/\/mariano-desole.ch\/wp-content\/uploads\/2021\/04\/foto-mariano.jpg\",\"width\":1832,\"height\":1832,\"caption\":\"madesole\"},\"logo\":{\"@id\":\"https:\/\/mariano-desole.ch\/#\/schema\/person\/image\/\"},\"sameAs\":[\"https:\/\/mariano-desole.ch\"]}]}<\/script>\n<!-- \/ Yoast SEO plugin. -->","yoast_head_json":{"title":"Gallary - Mariano Desole Photography","robots":{"index":"index","follow":"follow","max-snippet":"max-snippet:-1","max-image-preview":"max-image-preview:large","max-video-preview":"max-video-preview:-1"},"canonical":"https:\/\/mariano-desole.ch\/index.php\/collections\/","og_locale":"de_DE","og_type":"article","og_title":"Gallary - Mariano Desole Photography","og_url":"https:\/\/mariano-desole.ch\/index.php\/collections\/","og_site_name":"Mariano Desole Photography","article_modified_time":"2021-04-23T08:11:04+00:00","twitter_card":"summary_large_image","twitter_misc":{"Gesch\u00e4tzte Lesezeit":"6\u00a0Minuten"},"schema":{"@context":"https:\/\/schema.org","@graph":[{"@type":"WebPage","@id":"https:\/\/mariano-desole.ch\/index.php\/collections\/","url":"https:\/\/mariano-desole.ch\/index.php\/collections\/","name":"Gallary - Mariano Desole Photography","isPartOf":{"@id":"https:\/\/mariano-desole.ch\/#website"},"datePublished":"2015-11-14T11:00:47+00:00","dateModified":"2021-04-23T08:11:04+00:00","breadcrumb":{"@id":"https:\/\/mariano-desole.ch\/index.php\/collections\/#breadcrumb"},"inLanguage":"de-CH","potentialAction":[{"@type":"ReadAction","target":["https:\/\/mariano-desole.ch\/index.php\/collections\/"]}]},{"@type":"BreadcrumbList","@id":"https:\/\/mariano-desole.ch\/index.php\/collections\/#breadcrumb","itemListElement":[{"@type":"ListItem","position":1,"name":"Home","item":"https:\/\/mariano-desole.ch\/"},{"@type":"ListItem","position":2,"name":"Gallary"}]},{"@type":"WebSite","@id":"https:\/\/mariano-desole.ch\/#website","url":"https:\/\/mariano-desole.ch\/","name":"Mariano Desole Photography","description":"","publisher":{"@id":"https:\/\/mariano-desole.ch\/#\/schema\/person\/fdc8dc2ee242eb529fea0c4f1c51695b"},"potentialAction":[{"@type":"SearchAction","target":{"@type":"EntryPoint","urlTemplate":"https:\/\/mariano-desole.ch\/?s={search_term_string}"},"query-input":{"@type":"PropertyValueSpecification","valueRequired":true,"valueName":"search_term_string"}}],"inLanguage":"de-CH"},{"@type":["Person","Organization"],"@id":"https:\/\/mariano-desole.ch\/#\/schema\/person\/fdc8dc2ee242eb529fea0c4f1c51695b","name":"madesole","image":{"@type":"ImageObject","inLanguage":"de-CH","@id":"https:\/\/mariano-desole.ch\/#\/schema\/person\/image\/","url":"https:\/\/mariano-desole.ch\/wp-content\/uploads\/2021\/04\/foto-mariano.jpg","contentUrl":"https:\/\/mariano-desole.ch\/wp-content\/uploads\/2021\/04\/foto-mariano.jpg","width":1832,"height":1832,"caption":"madesole"},"logo":{"@id":"https:\/\/mariano-desole.ch\/#\/schema\/person\/image\/"},"sameAs":["https:\/\/mariano-desole.ch"]}]}},"_links":{"self":[{"href":"https:\/\/mariano-desole.ch\/index.php\/wp-json\/wp\/v2\/pages\/11","targetHints":{"allow":["GET"]}}],"collection":[{"href":"https:\/\/mariano-desole.ch\/index.php\/wp-json\/wp\/v2\/pages"}],"about":[{"href":"https:\/\/mariano-desole.ch\/index.php\/wp-json\/wp\/v2\/types\/page"}],"author":[{"embeddable":true,"href":"https:\/\/mariano-desole.ch\/index.php\/wp-json\/wp\/v2\/users\/1"}],"replies":[{"embeddable":true,"href":"https:\/\/mariano-desole.ch\/index.php\/wp-json\/wp\/v2\/comments?post=11"}],"version-history":[{"count":9,"href":"https:\/\/mariano-desole.ch\/index.php\/wp-json\/wp\/v2\/pages\/11\/revisions"}],"predecessor-version":[{"id":1448,"href":"https:\/\/mariano-desole.ch\/index.php\/wp-json\/wp\/v2\/pages\/11\/revisions\/1448"}],"wp:attachment":[{"href":"https:\/\/mariano-desole.ch\/index.php\/wp-json\/wp\/v2\/media?parent=11"}],"curies":[{"name":"wp","href":"https:\/\/api.w.org\/{rel}","templated":true}]}}